{"id":958,"date":"2023-08-21T16:26:32","date_gmt":"2023-08-21T14:26:32","guid":{"rendered":"https:\/\/www.stempher.nl\/de\/?page_id=958"},"modified":"2026-03-30T14:19:36","modified_gmt":"2026-03-30T12:19:36","slug":"vision-und-mission","status":"publish","type":"page","link":"https:\/\/www.stempher.nl\/de\/vision-und-mission\/","title":{"rendered":"Vision und Mission"},"content":{"rendered":"<h6 class=\"hh-block block-heading block-heading--id-6a0723b395115 h6\"id=\"hh-heading-1eaf986f-f5f6-435e-8c02-8b5e8987ef99\"\">Gesch\u00e4ftsdefinition<\/h6>\n\n<p class=\"hh-block block-paragraph block-paragraph--id-6a0723b39522a\"data-mb=\"small\">Die OPACKGROUP, zu der Stempher geh\u00f6rt, produziert und liefert ein komplettes Sortiment an spezialisierten flexiblen Papierverpackungen. Zu den globalen M\u00e4rkten geh\u00f6ren Business-to-Business-M\u00e4rkte f\u00fcr Lebensmittel, Non-Food, Landwirtschaft und Gartenbau. Das sind unsere Technologien: Blasextrusion, Flexodruck, Laminierung und Produktbearbeitung.<\/p>\n\n<h6 class=\"hh-block block-heading block-heading--id-6a0723b3952d6 h6\"id=\"hh-heading-8890fb19-9276-44f3-8b92-79b0f1c0d8d4\"\">Unternehmensleitbild<\/h6>\n\n<p class=\"hh-block block-paragraph block-paragraph--id-6a0723b395377\"data-mb=\"small\">Stempher, \u201eThe sustainable innovator\u201d, hat sich zum Ziel gesetzt, seine Stakeholder nachhaltig, innovativ und erfolgreich zu machen.<\/p>\n\n<h6 class=\"hh-block block-heading block-heading--id-6a0723b3953fa h6\"id=\"hh-heading-281322cc-5129-416d-842f-1a20aa6e6518\"\">Die OPACKGROUP<\/h6>\n\n<p class=\"hh-block block-paragraph block-paragraph--id-6a0723b3954a6\"data-mb=\"small\">Die OPACKGROUP ist ein zuverl\u00e4ssiger Produzent und Partner f\u00fcr hochwertige Spezialverpackungen aus Kunststoff und Papier sowie Folien, der seine Produkte auf der Basis von Kontinuit\u00e4t und langfristigen Partnerschaften anbietet, um seine Stakeholder nachhaltig, innovativ und erfolgreich zu machen. Die 7 Produzenten der OPACKGROUP entwickeln gemeinsam mit allen beteiligten Partnern in einer einzigartigen Kette verschiedene hochwertige Verpackungsl\u00f6sungen.<\/p>\n\n<p class=\"hh-block block-paragraph block-paragraph--id-6a0723b39553f\"data-mb=\"small\">Corporate Social Responsibility ist f\u00fcr die OPACKGROUP bereits seit Jahrzehnten das Leitmotiv ihres unternehmerischen Handelns. Mehr als jeder andere sind wir uns unserer sozialen Verantwortung als Unternehmen und Wissenspartner bewusst. Nachhaltiges Produzieren hat daher oberste Priorit\u00e4t.<\/p>\n\n<p class=\"hh-block block-paragraph block-paragraph--id-6a0723b3955ae\"data-mb=\"small\">Unsere Nachhaltigkeitsvision und unsere Innovationen definieren unsere Identit\u00e4t, die wir mit Stolz in unserem Slogan zum Ausdruck bringen: \u201eThe sustainable innovator\u201d.<\/p>","protected":false},"excerpt":{"rendered":"","protected":false},"author":2,"featured_media":0,"parent":0,"menu_order":24,"comment_status":"closed","ping_status":"closed","template":"","meta":{"_acf_changed":false,"footnotes":""},"class_list":["post-958","page","type-page","status-publish","hentry"],"acf":[],"yoast_head":"<title>Vision und Mission - Stempher<\/title>\n<meta name=\"description\" content=\"Entdecken Sie hier die Standards und Werte von Stempher. Lesen Sie mehr \u00fcber die Vision und Mission der OPACKGROUP und lernen Sie das Unternehmen kennen.\" \/>\n<meta name=\"robots\" content=\"index, follow, max-snippet:-1, max-image-preview:large, max-video-preview:-1\" \/>\n<link rel=\"canonical\" href=\"https:\/\/www.stempher.nl\/de\/vision-und-mission\/\" \/>\n<meta property=\"og:locale\" content=\"de_DE\" \/>\n<meta property=\"og:type\" content=\"article\" \/>\n<meta property=\"og:title\" content=\"Vision und Mission - Stempher\" \/>\n<meta property=\"og:description\" content=\"Entdecken Sie hier die Standards und Werte von Stempher. Lesen Sie mehr \u00fcber die Vision und Mission der OPACKGROUP und lernen Sie das Unternehmen kennen.\" \/>\n<meta property=\"og:url\" content=\"https:\/\/www.stempher.nl\/de\/vision-und-mission\/\" \/>\n<meta property=\"og:site_name\" content=\"Stempher\" \/>\n<meta property=\"article:modified_time\" content=\"2026-03-30T12:19:36+00:00\" \/>\n<meta name=\"twitter:card\" content=\"summary_large_image\" \/>\n<meta name=\"twitter:label1\" content=\"Gesch\u00e4tzte Lesezeit\" \/>\n\t<meta name=\"twitter:data1\" content=\"1\u00a0Minute\" \/>\n<script type=\"application\/ld+json\" class=\"yoast-schema-graph\">{\"@context\":\"https:\/\/schema.org\",\"@graph\":[{\"@type\":\"WebPage\",\"@id\":\"https:\/\/www.stempher.nl\/de\/vision-und-mission\/\",\"url\":\"https:\/\/www.stempher.nl\/de\/vision-und-mission\/\",\"name\":\"Vision und Mission - Stempher\",\"isPartOf\":{\"@id\":\"https:\/\/www.stempher.nl\/de\/#website\"},\"datePublished\":\"2023-08-21T14:26:32+00:00\",\"dateModified\":\"2026-03-30T12:19:36+00:00\",\"description\":\"Entdecken Sie hier die Standards und Werte von Stempher. Lesen Sie mehr \u00fcber die Vision und Mission der OPACKGROUP und lernen Sie das Unternehmen kennen.\",\"breadcrumb\":{\"@id\":\"https:\/\/www.stempher.nl\/de\/vision-und-mission\/#breadcrumb\"},\"inLanguage\":\"de\",\"potentialAction\":[{\"@type\":\"ReadAction\",\"target\":[\"https:\/\/www.stempher.nl\/de\/vision-und-mission\/\"]}]},{\"@type\":\"BreadcrumbList\",\"@id\":\"https:\/\/www.stempher.nl\/de\/vision-und-mission\/#breadcrumb\",\"itemListElement\":[{\"@type\":\"ListItem\",\"position\":1,\"name\":\"Home\",\"item\":\"https:\/\/www.stempher.nl\/de\/\"},{\"@type\":\"ListItem\",\"position\":2,\"name\":\"Vision und Mission\"}]},{\"@type\":\"WebSite\",\"@id\":\"https:\/\/www.stempher.nl\/de\/#website\",\"url\":\"https:\/\/www.stempher.nl\/de\/\",\"name\":\"Stempher\",\"description\":\"The sustainable innovator\",\"potentialAction\":[{\"@type\":\"SearchAction\",\"target\":{\"@type\":\"EntryPoint\",\"urlTemplate\":\"https:\/\/www.stempher.nl\/de\/?suchanfrage={search_term_string}\"},\"query-input\":{\"@type\":\"PropertyValueSpecification\",\"valueRequired\":true,\"valueName\":\"search_term_string\"}}],\"inLanguage\":\"de\"}]}<\/script>","yoast_head_json":{"title":"Vision und Mission - Stempher","description":"Entdecken Sie hier die Standards und Werte von Stempher. Lesen Sie mehr \u00fcber die Vision und Mission der OPACKGROUP und lernen Sie das Unternehmen kennen.","robots":{"index":"index","follow":"follow","max-snippet":"max-snippet:-1","max-image-preview":"max-image-preview:large","max-video-preview":"max-video-preview:-1"},"canonical":"https:\/\/www.stempher.nl\/de\/vision-und-mission\/","og_locale":"de_DE","og_type":"article","og_title":"Vision und Mission - Stempher","og_description":"Entdecken Sie hier die Standards und Werte von Stempher. Lesen Sie mehr \u00fcber die Vision und Mission der OPACKGROUP und lernen Sie das Unternehmen kennen.","og_url":"https:\/\/www.stempher.nl\/de\/vision-und-mission\/","og_site_name":"Stempher","article_modified_time":"2026-03-30T12:19:36+00:00","twitter_card":"summary_large_image","twitter_misc":{"Gesch\u00e4tzte Lesezeit":"1\u00a0Minute"},"schema":{"@context":"https:\/\/schema.org","@graph":[{"@type":"WebPage","@id":"https:\/\/www.stempher.nl\/de\/vision-und-mission\/","url":"https:\/\/www.stempher.nl\/de\/vision-und-mission\/","name":"Vision und Mission - Stempher","isPartOf":{"@id":"https:\/\/www.stempher.nl\/de\/#website"},"datePublished":"2023-08-21T14:26:32+00:00","dateModified":"2026-03-30T12:19:36+00:00","description":"Entdecken Sie hier die Standards und Werte von Stempher. Lesen Sie mehr \u00fcber die Vision und Mission der OPACKGROUP und lernen Sie das Unternehmen kennen.","breadcrumb":{"@id":"https:\/\/www.stempher.nl\/de\/vision-und-mission\/#breadcrumb"},"inLanguage":"de","potentialAction":[{"@type":"ReadAction","target":["https:\/\/www.stempher.nl\/de\/vision-und-mission\/"]}]},{"@type":"BreadcrumbList","@id":"https:\/\/www.stempher.nl\/de\/vision-und-mission\/#breadcrumb","itemListElement":[{"@type":"ListItem","position":1,"name":"Home","item":"https:\/\/www.stempher.nl\/de\/"},{"@type":"ListItem","position":2,"name":"Vision und Mission"}]},{"@type":"WebSite","@id":"https:\/\/www.stempher.nl\/de\/#website","url":"https:\/\/www.stempher.nl\/de\/","name":"Stempher","description":"The sustainable innovator","potentialAction":[{"@type":"SearchAction","target":{"@type":"EntryPoint","urlTemplate":"https:\/\/www.stempher.nl\/de\/?suchanfrage={search_term_string}"},"query-input":{"@type":"PropertyValueSpecification","valueRequired":true,"valueName":"search_term_string"}}],"inLanguage":"de"}]}},"_links":{"self":[{"href":"https:\/\/www.stempher.nl\/de\/wp-json\/wp\/v2\/pages\/958","targetHints":{"allow":["GET"]}}],"collection":[{"href":"https:\/\/www.stempher.nl\/de\/wp-json\/wp\/v2\/pages"}],"about":[{"href":"https:\/\/www.stempher.nl\/de\/wp-json\/wp\/v2\/types\/page"}],"author":[{"embeddable":true,"href":"https:\/\/www.stempher.nl\/de\/wp-json\/wp\/v2\/users\/2"}],"replies":[{"embeddable":true,"href":"https:\/\/www.stempher.nl\/de\/wp-json\/wp\/v2\/comments?post=958"}],"version-history":[{"count":12,"href":"https:\/\/www.stempher.nl\/de\/wp-json\/wp\/v2\/pages\/958\/revisions"}],"predecessor-version":[{"id":2283,"href":"https:\/\/www.stempher.nl\/de\/wp-json\/wp\/v2\/pages\/958\/revisions\/2283"}],"wp:attachment":[{"href":"https:\/\/www.stempher.nl\/de\/wp-json\/wp\/v2\/media?parent=958"}],"curies":[{"name":"wp","href":"https:\/\/api.w.org\/{rel}","templated":true}]}}