{"id":950,"date":"2023-08-21T16:18:22","date_gmt":"2023-08-21T14:18:22","guid":{"rendered":"https:\/\/www.stempher.nl\/de\/?page_id=950"},"modified":"2024-06-25T11:49:54","modified_gmt":"2024-06-25T09:49:54","slug":"geschichte","status":"publish","type":"page","link":"https:\/\/www.stempher.nl\/de\/geschichte\/","title":{"rendered":"Geschichte"},"content":{"rendered":"\n<div class=\"hh-block block-row\"data-mb=\"smaller\">\n    <div class=\"block-row__row row block-row__row--preset-2\/3|1\/3 block-row__row--align-stretch\">\n                \n\n<div class=\"hh-block block-column col col--1 col--lg-2\/3\">\n    \n<p class=\"hh-block block-paragraph block-paragraph--id-69e0405cb45d3\"data-mb=\"small\">Die lange Tradition der Verpakkungsindustrie Stempher B.V. reicht zur\u00fcck bis ins Jahr 1890. In diesem Jahr gr\u00fcndete Willem Stempher in Deventer ein Unternehmen als Papierh\u00e4ndler. F\u00fcnfundzwanzig Jahre sp\u00e4ter startete die Herstellung von S\u00e4cken aus Papier. Im Jahr 1937 wurde eine Zweigstelle von Stempher&#8217;s Papierwaren in Rijssen gegr\u00fcndet.<\/p>\n\n<p class=\"hh-block block-paragraph block-paragraph--id-69e0405cb46b1\"data-mb=\"small\">1970 zogen die Gesch\u00e4ftsleitung, die Verwaltung, der Vertrieb und die Buchhaltung nach Rijssen um. Kurz darauf gewann Kunststoff einen immer gr\u00f6\u00dferen Anteil an der Verpackungsindustrie, was sich die Gesch\u00e4ftsleitung zunutze machte. Im Jahr 1971 nahm die Abteilung Polyethylen ihre Arbeit auf. Seit Januar 2022 ist Verpakkingsindustrie Stempher B.V. Teil der OPACKGROUP. In 2023 sind die Aktivit\u00e4ten von Papierindustrie Adriaan Dekker in Wormer \u00fcbernommen und in Stempher integriert. Im Jahr 2024 wird die Abteilung Polyethylen in die Produktion der Kunststoffhersteller der OPACKGROUP integriert.<\/p>\n<\/div>\n\n\n<div class=\"hh-block block-column col col--1 col--lg-1\/3\">\n    \n\n    <div class=\"hh-block block-image\"\n         data-mt=\"smaller\"         data-mb=\"none\"         data-horizontal-align=\"centered\"\n         data-vertical-align=\"centered\"\n         data-mobile-align=\"centered\">\n\n         \n        <figure class=\"block-image__inner\" style=\"max-width: 320px\">\n\n            \n            \n            <div class=\"block-image__image-container\">\n\n            \n                <picture class=\"block-image__picture\" draggable=\"false\">\n  <source media=\"(min-width: 414px)\" srcset=\"https:\/\/www.stempher.nl\/de\/wp-content\/uploads\/2023\/12\/20211208_112739-scaled-e1701873741335-320x200.jpg\" width=\"320\" height=\"200\" \/>\n  <source media=\"(min-width: 0px)\" srcset=\"https:\/\/www.stempher.nl\/de\/wp-content\/uploads\/2023\/12\/20211208_112739-scaled-e1701873741335-320x200.jpg 1x, https:\/\/www.stempher.nl\/de\/wp-content\/uploads\/2023\/12\/20211208_112739-scaled-e1701873741335-320x200.jpg 2x\" width=\"320\" height=\"200\" \/>\n  <img class=\"block-image__image\" draggable=\"false\" decoding=\"async\" loading=\"lazy\" src=\"https:\/\/www.stempher.nl\/de\/wp-content\/uploads\/2023\/12\/20211208_112739-scaled-e1701873741335-320x200.jpg\" alt=\"\" width=\"320\" height=\"200\" \/>\n<\/picture>\n                                    <div\n                        class=\"block-image__holder block-image__holder--desktop\"\n                        style=\"aspect-ratio: 320\/200; max-width: 320px\">\n                    <\/div>\n                \n                                    <div\n                        class=\"block-image__holder block-image__holder--mobile\"\n                        style=\"aspect-ratio: 320\/200; max-width: 320px\">\n                    <\/div>\n                \n                                \n            <\/div>\n\n                        \n\n            \n            \n            \n            \n        <\/figure>\n\n        \n    <\/div>\n\n\n<\/div>\n            <\/div>\n<\/div>\n\n\n<p class=\"hh-block block-paragraph block-paragraph--id-69e0405cb862e\"data-mb=\"small\">Stempher vertreibt seine kundenspezifischen Verpackungen haupts\u00e4chlich in Europa und ist unter anderen in diesen Bereichen T\u00e4tig: Lebensmittelindustrie, Agrarindustrie, Chemie und Baustoffe. Stempher besitzt die Zertifikate ISO 9001 (seit 1994), BRCGS Packaging Materials (seit 2004) und verschiedene kundenspezifische UN-Zertifikate.<\/p>","protected":false},"excerpt":{"rendered":"","protected":false},"author":2,"featured_media":0,"parent":0,"menu_order":21,"comment_status":"closed","ping_status":"closed","template":"","meta":{"_acf_changed":false,"footnotes":""},"class_list":["post-950","page","type-page","status-publish","hentry"],"acf":[],"yoast_head":"<title>Geschichte - Stempher<\/title>\n<meta name=\"description\" content=\"Lesen Sie \u00fcber die reiche Tradition von Stempher, die 1980 als Papierh\u00e4ndler begann. Erfahren Sie mehr \u00fcber die Geschichte unseres Unternehmens.\" \/>\n<meta name=\"robots\" content=\"index, follow, max-snippet:-1, max-image-preview:large, max-video-preview:-1\" \/>\n<link rel=\"canonical\" href=\"https:\/\/www.stempher.nl\/de\/geschichte\/\" \/>\n<meta property=\"og:locale\" content=\"de_DE\" \/>\n<meta property=\"og:type\" content=\"article\" \/>\n<meta property=\"og:title\" content=\"Geschichte - Stempher\" \/>\n<meta property=\"og:description\" content=\"Lesen Sie \u00fcber die reiche Tradition von Stempher, die 1980 als Papierh\u00e4ndler begann. Erfahren Sie mehr \u00fcber die Geschichte unseres Unternehmens.\" \/>\n<meta property=\"og:url\" content=\"https:\/\/www.stempher.nl\/de\/geschichte\/\" \/>\n<meta property=\"og:site_name\" content=\"Stempher\" \/>\n<meta property=\"article:modified_time\" content=\"2024-06-25T09:49:54+00:00\" \/>\n<meta name=\"twitter:card\" content=\"summary_large_image\" \/>\n<meta name=\"twitter:label1\" content=\"Gesch\u00e4tzte Lesezeit\" \/>\n\t<meta name=\"twitter:data1\" content=\"1\u00a0Minute\" \/>\n<script type=\"application\/ld+json\" class=\"yoast-schema-graph\">{\"@context\":\"https:\/\/schema.org\",\"@graph\":[{\"@type\":\"WebPage\",\"@id\":\"https:\/\/www.stempher.nl\/de\/geschichte\/\",\"url\":\"https:\/\/www.stempher.nl\/de\/geschichte\/\",\"name\":\"Geschichte - Stempher\",\"isPartOf\":{\"@id\":\"https:\/\/www.stempher.nl\/de\/#website\"},\"datePublished\":\"2023-08-21T14:18:22+00:00\",\"dateModified\":\"2024-06-25T09:49:54+00:00\",\"description\":\"Lesen Sie \u00fcber die reiche Tradition von Stempher, die 1980 als Papierh\u00e4ndler begann. Erfahren Sie mehr \u00fcber die Geschichte unseres Unternehmens.\",\"breadcrumb\":{\"@id\":\"https:\/\/www.stempher.nl\/de\/geschichte\/#breadcrumb\"},\"inLanguage\":\"de\",\"potentialAction\":[{\"@type\":\"ReadAction\",\"target\":[\"https:\/\/www.stempher.nl\/de\/geschichte\/\"]}]},{\"@type\":\"BreadcrumbList\",\"@id\":\"https:\/\/www.stempher.nl\/de\/geschichte\/#breadcrumb\",\"itemListElement\":[{\"@type\":\"ListItem\",\"position\":1,\"name\":\"Home\",\"item\":\"https:\/\/www.stempher.nl\/de\/\"},{\"@type\":\"ListItem\",\"position\":2,\"name\":\"Geschichte\"}]},{\"@type\":\"WebSite\",\"@id\":\"https:\/\/www.stempher.nl\/de\/#website\",\"url\":\"https:\/\/www.stempher.nl\/de\/\",\"name\":\"Stempher\",\"description\":\"The sustainable innovator\",\"potentialAction\":[{\"@type\":\"SearchAction\",\"target\":{\"@type\":\"EntryPoint\",\"urlTemplate\":\"https:\/\/www.stempher.nl\/de\/?suchanfrage={search_term_string}\"},\"query-input\":{\"@type\":\"PropertyValueSpecification\",\"valueRequired\":true,\"valueName\":\"search_term_string\"}}],\"inLanguage\":\"de\"}]}<\/script>","yoast_head_json":{"title":"Geschichte - Stempher","description":"Lesen Sie \u00fcber die reiche Tradition von Stempher, die 1980 als Papierh\u00e4ndler begann. Erfahren Sie mehr \u00fcber die Geschichte unseres Unternehmens.","robots":{"index":"index","follow":"follow","max-snippet":"max-snippet:-1","max-image-preview":"max-image-preview:large","max-video-preview":"max-video-preview:-1"},"canonical":"https:\/\/www.stempher.nl\/de\/geschichte\/","og_locale":"de_DE","og_type":"article","og_title":"Geschichte - Stempher","og_description":"Lesen Sie \u00fcber die reiche Tradition von Stempher, die 1980 als Papierh\u00e4ndler begann. Erfahren Sie mehr \u00fcber die Geschichte unseres Unternehmens.","og_url":"https:\/\/www.stempher.nl\/de\/geschichte\/","og_site_name":"Stempher","article_modified_time":"2024-06-25T09:49:54+00:00","twitter_card":"summary_large_image","twitter_misc":{"Gesch\u00e4tzte Lesezeit":"1\u00a0Minute"},"schema":{"@context":"https:\/\/schema.org","@graph":[{"@type":"WebPage","@id":"https:\/\/www.stempher.nl\/de\/geschichte\/","url":"https:\/\/www.stempher.nl\/de\/geschichte\/","name":"Geschichte - Stempher","isPartOf":{"@id":"https:\/\/www.stempher.nl\/de\/#website"},"datePublished":"2023-08-21T14:18:22+00:00","dateModified":"2024-06-25T09:49:54+00:00","description":"Lesen Sie \u00fcber die reiche Tradition von Stempher, die 1980 als Papierh\u00e4ndler begann. Erfahren Sie mehr \u00fcber die Geschichte unseres Unternehmens.","breadcrumb":{"@id":"https:\/\/www.stempher.nl\/de\/geschichte\/#breadcrumb"},"inLanguage":"de","potentialAction":[{"@type":"ReadAction","target":["https:\/\/www.stempher.nl\/de\/geschichte\/"]}]},{"@type":"BreadcrumbList","@id":"https:\/\/www.stempher.nl\/de\/geschichte\/#breadcrumb","itemListElement":[{"@type":"ListItem","position":1,"name":"Home","item":"https:\/\/www.stempher.nl\/de\/"},{"@type":"ListItem","position":2,"name":"Geschichte"}]},{"@type":"WebSite","@id":"https:\/\/www.stempher.nl\/de\/#website","url":"https:\/\/www.stempher.nl\/de\/","name":"Stempher","description":"The sustainable innovator","potentialAction":[{"@type":"SearchAction","target":{"@type":"EntryPoint","urlTemplate":"https:\/\/www.stempher.nl\/de\/?suchanfrage={search_term_string}"},"query-input":{"@type":"PropertyValueSpecification","valueRequired":true,"valueName":"search_term_string"}}],"inLanguage":"de"}]}},"_links":{"self":[{"href":"https:\/\/www.stempher.nl\/de\/wp-json\/wp\/v2\/pages\/950","targetHints":{"allow":["GET"]}}],"collection":[{"href":"https:\/\/www.stempher.nl\/de\/wp-json\/wp\/v2\/pages"}],"about":[{"href":"https:\/\/www.stempher.nl\/de\/wp-json\/wp\/v2\/types\/page"}],"author":[{"embeddable":true,"href":"https:\/\/www.stempher.nl\/de\/wp-json\/wp\/v2\/users\/2"}],"replies":[{"embeddable":true,"href":"https:\/\/www.stempher.nl\/de\/wp-json\/wp\/v2\/comments?post=950"}],"version-history":[{"count":18,"href":"https:\/\/www.stempher.nl\/de\/wp-json\/wp\/v2\/pages\/950\/revisions"}],"predecessor-version":[{"id":1896,"href":"https:\/\/www.stempher.nl\/de\/wp-json\/wp\/v2\/pages\/950\/revisions\/1896"}],"wp:attachment":[{"href":"https:\/\/www.stempher.nl\/de\/wp-json\/wp\/v2\/media?parent=950"}],"curies":[{"name":"wp","href":"https:\/\/api.w.org\/{rel}","templated":true}]}}