{"id":490,"date":"2022-09-22T12:14:29","date_gmt":"2022-09-22T10:14:29","guid":{"rendered":"https:\/\/www.stempher.nl\/de\/?page_id=490"},"modified":"2024-06-25T11:15:51","modified_gmt":"2024-06-25T09:15:51","slug":"ueber-uns","status":"publish","type":"page","link":"https:\/\/www.stempher.nl\/de\/ueber-uns\/","title":{"rendered":"\u00dcber uns"},"content":{"rendered":"<p class=\"hh-block block-paragraph block-paragraph--id-6a064fb3f195a\"data-mb=\"small\">Stempher verf\u00fcgt \u00fcber umfangreiche Kenntnisse und einen gro\u00dfen Erfahrungsschatz in der Lieferung von Verpackungen f\u00fcr diese Bereich: Lebensmittel, Futtermittel, Milchprodukte, Torf, Substrate und Blumenerde, Stroh- und Holzfasern, Chemikalien und Baustoffe. Der Hersteller ist Teil der OPACKGROUP. Zu dieser Gruppe engagierter Verpackungshersteller geh\u00f6ren die folgenden Unternehmen:<\/p>\n\n<p class=\"hh-block block-paragraph block-paragraph--id-6a064fb3f1a1e\"data-mb=\"small\"><strong>Fardem Packaging<\/strong> \u2013 Edam<br>PE-Verpackungen und Folie \/ D\u00fcngemittel \u2013 Salz \u2013 Bauwesen \u2013 Polymere \u2013 Zement \u2013 Futtermittel<\/p>\n\n<p class=\"hh-block block-paragraph block-paragraph--id-6a064fb3f1a8d\"data-mb=\"small\"><strong>Flexpak<\/strong> \u2013 Geldermalsen<br>Laminatfolie \u2013 Blockbodenbeutel \u2013 Folienzuschnitte \u2013 Rondelle<\/p>\n\n<p class=\"hh-block block-paragraph block-paragraph--id-6a064fb3f1af4\"data-mb=\"small\"><strong>Oerlemans Plastics<\/strong> \u2013 Genderen \u2013 Giessen<br>PE-Verpackungen und Folie<br>Gartenbau \u2013 Lebensmittel \u2013 Non-Food \u2013 Verpackungsgro\u00dfhandel<\/p>\n\n<p class=\"hh-block block-paragraph block-paragraph--id-6a064fb3f1b55\"data-mb=\"small\"><strong>OPI<\/strong> \u2013 Oosterwolde<br>PE-Verpackungen und Folie \/ HDPE-, LDPE-Beutel, Folienzuschnitte und Folie<\/p>\n\n<p class=\"hh-block block-paragraph block-paragraph--id-6a064fb3f1bca\"data-mb=\"small\"><strong>Perfon<\/strong> \u2013 Goor<br>Polypropylenzuschnitte und Folie \/ Hotneedle und gestanzt<\/p>\n\n<p class=\"hh-block block-paragraph block-paragraph--id-6a064fb3f1c2b\"data-mb=\"small\"><strong>Plasthill<\/strong> \u2013 Hillegom<br>Industrielle PE-Verpackungen (bis zu 10 Meter breit)<\/p>\n\n<p class=\"hh-block block-paragraph block-paragraph--id-6a064fb3f1c88\"data-mb=\"small\"><strong>Stempher<\/strong> \u2013 Rijssen<br>Papier S\u00e4cke und Kleinverpackung (Beutel, Tragetaschen, Papier auf der Rolle, Zuschnitte)<\/p>","protected":false},"excerpt":{"rendered":"","protected":false},"author":1,"featured_media":0,"parent":0,"menu_order":15,"comment_status":"closed","ping_status":"closed","template":"","meta":{"_acf_changed":false,"footnotes":""},"class_list":["post-490","page","type-page","status-publish","hentry"],"acf":[],"yoast_head":"<title>\u00dcber uns - Stempher<\/title>\n<meta name=\"description\" content=\"Stempher is d\u00e9 producent van papier verpakkingen. Lees hier meer over Stempher en ontdek alles over ons bedrijf.\" \/>\n<meta name=\"robots\" content=\"index, follow, max-snippet:-1, max-image-preview:large, max-video-preview:-1\" \/>\n<link rel=\"canonical\" href=\"https:\/\/www.stempher.nl\/de\/ueber-uns\/\" \/>\n<meta property=\"og:locale\" content=\"de_DE\" \/>\n<meta property=\"og:type\" content=\"article\" \/>\n<meta property=\"og:title\" content=\"\u00dcber uns - Stempher\" \/>\n<meta property=\"og:description\" content=\"Stempher is d\u00e9 producent van papier verpakkingen. Lees hier meer over Stempher en ontdek alles over ons bedrijf.\" \/>\n<meta property=\"og:url\" content=\"https:\/\/www.stempher.nl\/de\/ueber-uns\/\" \/>\n<meta property=\"og:site_name\" content=\"Stempher\" \/>\n<meta property=\"article:modified_time\" content=\"2024-06-25T09:15:51+00:00\" \/>\n<meta name=\"twitter:card\" content=\"summary_large_image\" \/>\n<meta name=\"twitter:label1\" content=\"Gesch\u00e4tzte Lesezeit\" \/>\n\t<meta name=\"twitter:data1\" content=\"1\u00a0Minute\" \/>\n<script type=\"application\/ld+json\" class=\"yoast-schema-graph\">{\"@context\":\"https:\/\/schema.org\",\"@graph\":[{\"@type\":\"WebPage\",\"@id\":\"https:\/\/www.stempher.nl\/de\/ueber-uns\/\",\"url\":\"https:\/\/www.stempher.nl\/de\/ueber-uns\/\",\"name\":\"\u00dcber uns - Stempher\",\"isPartOf\":{\"@id\":\"https:\/\/www.stempher.nl\/de\/#website\"},\"datePublished\":\"2022-09-22T10:14:29+00:00\",\"dateModified\":\"2024-06-25T09:15:51+00:00\",\"description\":\"Stempher is d\u00e9 producent van papier verpakkingen. Lees hier meer over Stempher en ontdek alles over ons bedrijf.\",\"breadcrumb\":{\"@id\":\"https:\/\/www.stempher.nl\/de\/ueber-uns\/#breadcrumb\"},\"inLanguage\":\"de\",\"potentialAction\":[{\"@type\":\"ReadAction\",\"target\":[\"https:\/\/www.stempher.nl\/de\/ueber-uns\/\"]}]},{\"@type\":\"BreadcrumbList\",\"@id\":\"https:\/\/www.stempher.nl\/de\/ueber-uns\/#breadcrumb\",\"itemListElement\":[{\"@type\":\"ListItem\",\"position\":1,\"name\":\"Home\",\"item\":\"https:\/\/www.stempher.nl\/de\/\"},{\"@type\":\"ListItem\",\"position\":2,\"name\":\"\u00dcber uns\"}]},{\"@type\":\"WebSite\",\"@id\":\"https:\/\/www.stempher.nl\/de\/#website\",\"url\":\"https:\/\/www.stempher.nl\/de\/\",\"name\":\"Stempher\",\"description\":\"The sustainable innovator\",\"potentialAction\":[{\"@type\":\"SearchAction\",\"target\":{\"@type\":\"EntryPoint\",\"urlTemplate\":\"https:\/\/www.stempher.nl\/de\/?suchanfrage={search_term_string}\"},\"query-input\":{\"@type\":\"PropertyValueSpecification\",\"valueRequired\":true,\"valueName\":\"search_term_string\"}}],\"inLanguage\":\"de\"}]}<\/script>","yoast_head_json":{"title":"\u00dcber uns - Stempher","description":"Stempher is d\u00e9 producent van papier verpakkingen. Lees hier meer over Stempher en ontdek alles over ons bedrijf.","robots":{"index":"index","follow":"follow","max-snippet":"max-snippet:-1","max-image-preview":"max-image-preview:large","max-video-preview":"max-video-preview:-1"},"canonical":"https:\/\/www.stempher.nl\/de\/ueber-uns\/","og_locale":"de_DE","og_type":"article","og_title":"\u00dcber uns - Stempher","og_description":"Stempher is d\u00e9 producent van papier verpakkingen. Lees hier meer over Stempher en ontdek alles over ons bedrijf.","og_url":"https:\/\/www.stempher.nl\/de\/ueber-uns\/","og_site_name":"Stempher","article_modified_time":"2024-06-25T09:15:51+00:00","twitter_card":"summary_large_image","twitter_misc":{"Gesch\u00e4tzte Lesezeit":"1\u00a0Minute"},"schema":{"@context":"https:\/\/schema.org","@graph":[{"@type":"WebPage","@id":"https:\/\/www.stempher.nl\/de\/ueber-uns\/","url":"https:\/\/www.stempher.nl\/de\/ueber-uns\/","name":"\u00dcber uns - Stempher","isPartOf":{"@id":"https:\/\/www.stempher.nl\/de\/#website"},"datePublished":"2022-09-22T10:14:29+00:00","dateModified":"2024-06-25T09:15:51+00:00","description":"Stempher is d\u00e9 producent van papier verpakkingen. Lees hier meer over Stempher en ontdek alles over ons bedrijf.","breadcrumb":{"@id":"https:\/\/www.stempher.nl\/de\/ueber-uns\/#breadcrumb"},"inLanguage":"de","potentialAction":[{"@type":"ReadAction","target":["https:\/\/www.stempher.nl\/de\/ueber-uns\/"]}]},{"@type":"BreadcrumbList","@id":"https:\/\/www.stempher.nl\/de\/ueber-uns\/#breadcrumb","itemListElement":[{"@type":"ListItem","position":1,"name":"Home","item":"https:\/\/www.stempher.nl\/de\/"},{"@type":"ListItem","position":2,"name":"\u00dcber uns"}]},{"@type":"WebSite","@id":"https:\/\/www.stempher.nl\/de\/#website","url":"https:\/\/www.stempher.nl\/de\/","name":"Stempher","description":"The sustainable innovator","potentialAction":[{"@type":"SearchAction","target":{"@type":"EntryPoint","urlTemplate":"https:\/\/www.stempher.nl\/de\/?suchanfrage={search_term_string}"},"query-input":{"@type":"PropertyValueSpecification","valueRequired":true,"valueName":"search_term_string"}}],"inLanguage":"de"}]}},"_links":{"self":[{"href":"https:\/\/www.stempher.nl\/de\/wp-json\/wp\/v2\/pages\/490","targetHints":{"allow":["GET"]}}],"collection":[{"href":"https:\/\/www.stempher.nl\/de\/wp-json\/wp\/v2\/pages"}],"about":[{"href":"https:\/\/www.stempher.nl\/de\/wp-json\/wp\/v2\/types\/page"}],"author":[{"embeddable":true,"href":"https:\/\/www.stempher.nl\/de\/wp-json\/wp\/v2\/users\/1"}],"replies":[{"embeddable":true,"href":"https:\/\/www.stempher.nl\/de\/wp-json\/wp\/v2\/comments?post=490"}],"version-history":[{"count":32,"href":"https:\/\/www.stempher.nl\/de\/wp-json\/wp\/v2\/pages\/490\/revisions"}],"predecessor-version":[{"id":1888,"href":"https:\/\/www.stempher.nl\/de\/wp-json\/wp\/v2\/pages\/490\/revisions\/1888"}],"wp:attachment":[{"href":"https:\/\/www.stempher.nl\/de\/wp-json\/wp\/v2\/media?parent=490"}],"curies":[{"name":"wp","href":"https:\/\/api.w.org\/{rel}","templated":true}]}}